{"id":8443,"date":"2024-01-10T15:52:41","date_gmt":"2024-01-10T15:52:41","guid":{"rendered":"https:\/\/astree.notaires.fr\/?page_id=8443"},"modified":"2024-06-09T13:34:59","modified_gmt":"2024-06-09T13:34:59","slug":"mentions-legales","status":"publish","type":"page","link":"https:\/\/astree.notaires.fr\/en\/mentions-legales\/","title":{"rendered":"Legal Notice"},"content":{"rendered":"<div data-elementor-type=\"wp-page\" data-elementor-id=\"8443\" class=\"elementor elementor-8443\">\n\t\t\t\t\t\t<section class=\"elementor-section elementor-top-section elementor-element elementor-element-a9fb641 elementor-section-boxed elementor-section-height-default elementor-section-height-default\" data-id=\"a9fb641\" data-element_type=\"section\">\n\t\t\t\t\t\t<div class=\"elementor-container elementor-column-gap-default\">\n\t\t\t\t\t<div class=\"elementor-column elementor-col-100 elementor-top-column elementor-element elementor-element-bba094c\" data-id=\"bba094c\" data-element_type=\"column\">\n\t\t\t<div class=\"elementor-widget-wrap elementor-element-populated\">\n\t\t\t\t\t\t<div class=\"elementor-element elementor-element-ccbb61d elementor-widget elementor-widget-stm_spacing\" data-id=\"ccbb61d\" data-element_type=\"widget\" data-widget_type=\"stm_spacing.default\">\n\t\t\t\t<div class=\"elementor-widget-container\">\n\t\t\t\t\t<div class=\"stm-spacing\" id=\"stm-spacing-69d0d71437a29\"><\/div>\n<script>\n    (function($){\n        \"use strict\";\n        var spacingID = 'stm-spacing-69d0d71437a29',\n            lgSpacing = '50',\n            mdSpacing = '40',\n            smSpacing = '30',\n            xsSpacing = '20';\n\n        function stmSpacing() {\n            if ( window.matchMedia(\"(min-width: 1200px)\").matches && lgSpacing ) {\n                $( '#' + spacingID ).css ( \"height\", lgSpacing );\n            } else if ( window.matchMedia(\"(max-width: 1199px) and (min-width: 992px )\").matches && mdSpacing ) {\n                $( '#' + spacingID ).css ( \"height\", mdSpacing );\n            } else if ( window.matchMedia(\"(max-width: 991px) and (min-width: 768px )\").matches && smSpacing ) {\n                $( '#' + spacingID ).css ( \"height\", smSpacing );\n            } else if ( window.matchMedia(\"(max-width: 767px)\").matches && xsSpacing ) {\n                $( '#' + spacingID ).css ( \"height\", xsSpacing );\n            } else {\n                $( '#' + spacingID ).css ( \"height\", \"\" );\n            }\n        }\n\n        $(document).ready(function() {\n            stmSpacing();\n        });\n\n        $(window).resize(function() {\n            stmSpacing();\n        });\n\n    })(jQuery);\n<\/script>\t\t\t\t<\/div>\n\t\t\t\t<\/div>\n\t\t\t\t\t<\/div>\n\t\t<\/div>\n\t\t\t\t\t<\/div>\n\t\t<\/section>\n\t\t\t\t<section class=\"elementor-section elementor-top-section elementor-element elementor-element-0d0eaef elementor-section-boxed elementor-section-height-default elementor-section-height-default\" data-id=\"0d0eaef\" data-element_type=\"section\">\n\t\t\t\t\t\t<div class=\"elementor-container elementor-column-gap-default\">\n\t\t\t\t\t<div class=\"elementor-column elementor-col-100 elementor-top-column elementor-element elementor-element-0a9d76b\" data-id=\"0a9d76b\" data-element_type=\"column\">\n\t\t\t<div class=\"elementor-widget-wrap elementor-element-populated\">\n\t\t\t\t\t\t<div class=\"elementor-element elementor-element-dee9faa elementor-widget elementor-widget-vc_custom_heading\" data-id=\"dee9faa\" data-element_type=\"widget\" data-widget_type=\"vc_custom_heading.default\">\n\t\t\t\t<div class=\"elementor-widget-container\">\n\t\t\t\t\t<div class=\"vc_custom_heading  consulting_heading_font  text_align_center\" ><h2 style=\"text-align: center\" class=\"consulting-custom-title\">Legal Notice\n<\/h2><\/div>\t\t\t\t<\/div>\n\t\t\t\t<\/div>\n\t\t\t\t\t<\/div>\n\t\t<\/div>\n\t\t\t\t\t<\/div>\n\t\t<\/section>\n\t\t\t\t<section class=\"elementor-section elementor-top-section elementor-element elementor-element-e71b2b8 elementor-section-boxed elementor-section-height-default elementor-section-height-default\" data-id=\"e71b2b8\" data-element_type=\"section\">\n\t\t\t\t\t\t<div class=\"elementor-container elementor-column-gap-default\">\n\t\t\t\t\t<div class=\"elementor-column elementor-col-100 elementor-top-column elementor-element elementor-element-5eb47b8\" data-id=\"5eb47b8\" data-element_type=\"column\">\n\t\t\t<div class=\"elementor-widget-wrap elementor-element-populated\">\n\t\t\t\t\t\t<div class=\"elementor-element elementor-element-4219c0c elementor-widget-divider--view-line elementor-widget elementor-widget-divider\" data-id=\"4219c0c\" data-element_type=\"widget\" data-widget_type=\"divider.default\">\n\t\t\t\t<div class=\"elementor-widget-container\">\n\t\t\t\t\t\t\t<div class=\"elementor-divider\">\n\t\t\t<span class=\"elementor-divider-separator\">\n\t\t\t\t\t\t<\/span>\n\t\t<\/div>\n\t\t\t\t\t\t<\/div>\n\t\t\t\t<\/div>\n\t\t\t\t\t<\/div>\n\t\t<\/div>\n\t\t\t\t\t<\/div>\n\t\t<\/section>\n\t\t\t\t<section class=\"elementor-section elementor-top-section elementor-element elementor-element-d7928de elementor-section-boxed elementor-section-height-default elementor-section-height-default\" data-id=\"d7928de\" data-element_type=\"section\">\n\t\t\t\t\t\t<div class=\"elementor-container elementor-column-gap-default\">\n\t\t\t\t\t<div class=\"elementor-column elementor-col-100 elementor-top-column elementor-element elementor-element-686caaf\" data-id=\"686caaf\" data-element_type=\"column\">\n\t\t\t<div class=\"elementor-widget-wrap elementor-element-populated\">\n\t\t\t\t\t\t<div class=\"elementor-element elementor-element-5391212 elementor-widget elementor-widget-text-editor\" data-id=\"5391212\" data-element_type=\"widget\" data-widget_type=\"text-editor.default\">\n\t\t\t\t<div class=\"elementor-widget-container\">\n\t\t\t\t\t\t\t\t\t<p><strong>Website presentation<\/strong><br \/>You are currently connected to the ASTREE NOTAIRES website.<br \/>Company Name: Astr\u00e9e Notaires<br \/>Legal Form: SAS (simplified joint-stock company)<br \/>Head Office Address: 64 rue Taitbout, 75009 Paris, France<br \/>Phone: +33 1 86 70 05 95<br \/>E-mail : contact@astree.notaires.fr<br \/>Publication director and site manager: DigitalMace (HARB Cedric)<br \/>RCS Number: 898 606 603 R.C.S. Paris<\/p>\n<p class=\"translation-block\"><strong>Information about practicing notaries within the office<\/strong><br>Ma\u00eetre Emilie RESTA and Ma\u00eetre Audrey LEFEBVRE are notaries practicing within the office.<br>The title of notary was conferred upon them by order of the Keeper of the Seals, Minister of Justice (13 Place Vend\u00f4me in Paris), which can be consulted in the Official Journal of the French Republic (www.legifrance.gouv.fr).<br>They are registered in the notary registry of the Interdepartmental Chamber of Notaries of Paris, 12 Avenue Victoria, 75001 Paris.<\/p>\n<p class=\"translation-block\"><strong>Insurance and Financial Guarantee<\/strong><br>The professional activity of each notary in the office is covered by civil liability insurance taken out with Mutuelle du Mans assurances (department for liberal professions, 14 bld Marie et Alexandre Oyon, 72030 Le Mans Cedex 9) up to \u20ac100 million per claim and without geographical limitation. Beyond that, it is covered by the Caisse r\u00e9gionale de Garantie des notaires \u2013 Paris 1 (12 Avenue Victoria, 75001 Paris).<br>Information about the MMA insurance contract can be obtained from the broker:<br>La S\u00e9curit\u00e9 Nouvelle, 81 rue Taitbout, 75009 Paris, tel.: 01 53 20 50 50.<\/p>\n<p class=\"translation-block\"><strong>Complaints Against a Notary<\/strong><br>If you have a complaint against a notary in the office that has not been resolved directly with them, or if you are seeking compensation, you should write to the Interdepartmental Chamber of Notaries of Paris, Complaints Department, 12 Avenue Victoria, 75001 Paris. Please include a detailed explanation and copies of relevant documents to help understand the issue (article 4-4\u00b0 of ordinance no. 45-2590 of November 2, 1945).<\/p>\n<p class=\"translation-block\"><strong>Intellectual Property<\/strong><br>The content of this website is the property of ASTREE NOTAIRES.<br>The entire site is protected by intellectual property law, trademark law, patent law, or any other rights recognized by current legislation, which the site user acknowledges and accepts.<br>The site user is not authorized to copy, use, reproduce, or distribute any part of the site\u2019s content on any medium, whether for a fee or free of charge, without the prior written consent of the publisher.<br>The contents (texts, images, videos, etc.) present on this site are the intellectual property of Astr\u00e9e Notaires and are protected by copyright laws.<\/p>\n<p class=\"translation-block\"><strong>Terms of Use<\/strong><br>By accessing this site, you agree to our terms of use. We disclaim any responsibility regarding the use of information present on this site.<\/p>\n<p class=\"translation-block\"><strong>Disclaimer<\/strong><br>This site contains hyperlinks to other websites that were not developed by ASTREE NOTAIRES.<br>The content made available on this site is provided for informational purposes.<br>The presence of a link to another site on this site does not constitute an endorsement of that site or its content. It is the responsibility of the user to use this information with discernment and critical thinking. ASTREE NOTAIRES cannot be held liable for information, opinions, and recommendations provided by third parties.<br>We disclaim any responsibility regarding the content of external sites accessible via links on this site.<\/p>\n<p class=\"translation-block\"><strong>Applicable Law and Competent Jurisdiction<\/strong><br>Any dispute related to the use of this site will be governed by French law and subject to the competent jurisdiction of Paris, France.<\/p>\n<p class=\"translation-block\"><strong>VAT Number<\/strong><br>FR89898606603<\/p>\n<p><strong>H\u00e9bergeur du site<\/strong><br \/>Company Name: OVH<br \/>Address: 2 Rue Kellermann 59100 Roubaix<br \/>Website design and maintenance: Cedric HARB, Cl\u00e9ment MEYNCKENS<\/p>\n<p class=\"translation-block\"><strong>Website Operation<\/strong><br>For any remarks regarding the operation of this site, please send a message to: contact@astree.notaires.fr<\/p>\n\t\t\t\t\t\t\t\t<\/div>\n\t\t\t\t<\/div>\n\t\t\t\t\t<\/div>\n\t\t<\/div>\n\t\t\t\t\t<\/div>\n\t\t<\/section>\n\t\t\t\t<\/div>","protected":false},"excerpt":{"rendered":"<p>Mentions L\u00e9gales Pr\u00e9sentation g\u00e9n\u00e9rale du siteVous \u00eates actuellement connect\u00e9 au site internet de l\u2019\u00e9tude ASTREE NOTAIRES.Raison sociale : Astr\u00e9e NotairesForme juridique : SAS, soci\u00e9t\u00e9 par actions simplifi\u00e9eAdresse du si\u00e8ge social : 64 rue Taitbout, 75009 Paris, FranceT\u00e9l\u00e9phone : +33 1 86 70 05 95E-mail : contact@astree.notaires.frDirecteur de la publication et responsable du site : DigitalMace<\/p>","protected":false},"author":2,"featured_media":0,"parent":0,"menu_order":0,"comment_status":"closed","ping_status":"closed","template":"","meta":{"footnotes":""},"class_list":["post-8443","page","type-page","status-publish","hentry"],"_links":{"self":[{"href":"https:\/\/astree.notaires.fr\/en\/wp-json\/wp\/v2\/pages\/8443","targetHints":{"allow":["GET"]}}],"collection":[{"href":"https:\/\/astree.notaires.fr\/en\/wp-json\/wp\/v2\/pages"}],"about":[{"href":"https:\/\/astree.notaires.fr\/en\/wp-json\/wp\/v2\/types\/page"}],"author":[{"embeddable":true,"href":"https:\/\/astree.notaires.fr\/en\/wp-json\/wp\/v2\/users\/2"}],"replies":[{"embeddable":true,"href":"https:\/\/astree.notaires.fr\/en\/wp-json\/wp\/v2\/comments?post=8443"}],"version-history":[{"count":29,"href":"https:\/\/astree.notaires.fr\/en\/wp-json\/wp\/v2\/pages\/8443\/revisions"}],"predecessor-version":[{"id":8809,"href":"https:\/\/astree.notaires.fr\/en\/wp-json\/wp\/v2\/pages\/8443\/revisions\/8809"}],"wp:attachment":[{"href":"https:\/\/astree.notaires.fr\/en\/wp-json\/wp\/v2\/media?parent=8443"}],"curies":[{"name":"wp","href":"https:\/\/api.w.org\/{rel}","templated":true}]}}