{"id":7718,"date":"2023-04-14T09:43:55","date_gmt":"2023-04-14T09:43:55","guid":{"rendered":"https:\/\/astree.notaires.fr\/?page_id=7718"},"modified":"2024-01-17T12:05:00","modified_gmt":"2024-01-17T12:05:00","slug":"tarifs","status":"publish","type":"page","link":"https:\/\/astree.notaires.fr\/en\/tarifs\/","title":{"rendered":"Pricing"},"content":{"rendered":"<div data-elementor-type=\"wp-page\" data-elementor-id=\"7718\" class=\"elementor elementor-7718\">\n\t\t\t\t\t\t<section class=\"elementor-section elementor-top-section elementor-element elementor-element-a9fb641 elementor-section-boxed elementor-section-height-default elementor-section-height-default\" data-id=\"a9fb641\" data-element_type=\"section\">\n\t\t\t\t\t\t<div class=\"elementor-container elementor-column-gap-default\">\n\t\t\t\t\t<div class=\"elementor-column elementor-col-100 elementor-top-column elementor-element elementor-element-bba094c\" data-id=\"bba094c\" data-element_type=\"column\">\n\t\t\t<div class=\"elementor-widget-wrap elementor-element-populated\">\n\t\t\t\t\t\t<div class=\"elementor-element elementor-element-ccbb61d elementor-widget elementor-widget-stm_spacing\" data-id=\"ccbb61d\" data-element_type=\"widget\" data-widget_type=\"stm_spacing.default\">\n\t\t\t\t<div class=\"elementor-widget-container\">\n\t\t\t\t\t<div class=\"stm-spacing\" id=\"stm-spacing-69e5ab309788e\"><\/div>\n<script>\n    (function($){\n        \"use strict\";\n        var spacingID = 'stm-spacing-69e5ab309788e',\n            lgSpacing = '50',\n            mdSpacing = '40',\n            smSpacing = '30',\n            xsSpacing = '20';\n\n        function stmSpacing() {\n            if ( window.matchMedia(\"(min-width: 1200px)\").matches && lgSpacing ) {\n                $( '#' + spacingID ).css ( \"height\", lgSpacing );\n            } else if ( window.matchMedia(\"(max-width: 1199px) and (min-width: 992px )\").matches && mdSpacing ) {\n                $( '#' + spacingID ).css ( \"height\", mdSpacing );\n            } else if ( window.matchMedia(\"(max-width: 991px) and (min-width: 768px )\").matches && smSpacing ) {\n                $( '#' + spacingID ).css ( \"height\", smSpacing );\n            } else if ( window.matchMedia(\"(max-width: 767px)\").matches && xsSpacing ) {\n                $( '#' + spacingID ).css ( \"height\", xsSpacing );\n            } else {\n                $( '#' + spacingID ).css ( \"height\", \"\" );\n            }\n        }\n\n        $(document).ready(function() {\n            stmSpacing();\n        });\n\n        $(window).resize(function() {\n            stmSpacing();\n        });\n\n    })(jQuery);\n<\/script>\t\t\t\t<\/div>\n\t\t\t\t<\/div>\n\t\t\t\t\t<\/div>\n\t\t<\/div>\n\t\t\t\t\t<\/div>\n\t\t<\/section>\n\t\t\t\t<section class=\"elementor-section elementor-top-section elementor-element elementor-element-0d0eaef elementor-section-boxed elementor-section-height-default elementor-section-height-default\" data-id=\"0d0eaef\" data-element_type=\"section\">\n\t\t\t\t\t\t<div class=\"elementor-container elementor-column-gap-default\">\n\t\t\t\t\t<div class=\"elementor-column elementor-col-100 elementor-top-column elementor-element elementor-element-0a9d76b\" data-id=\"0a9d76b\" data-element_type=\"column\">\n\t\t\t<div class=\"elementor-widget-wrap elementor-element-populated\">\n\t\t\t\t\t\t<div class=\"elementor-element elementor-element-dee9faa elementor-widget elementor-widget-vc_custom_heading\" data-id=\"dee9faa\" data-element_type=\"widget\" data-widget_type=\"vc_custom_heading.default\">\n\t\t\t\t<div class=\"elementor-widget-container\">\n\t\t\t\t\t<div class=\"vc_custom_heading  consulting_heading_font  text_align_center\" ><h2 style=\"text-align: center\" class=\"consulting-custom-title\">Pricing\n<\/h2><\/div>\t\t\t\t<\/div>\n\t\t\t\t<\/div>\n\t\t\t\t\t<\/div>\n\t\t<\/div>\n\t\t\t\t\t<\/div>\n\t\t<\/section>\n\t\t\t\t<section class=\"elementor-section elementor-top-section elementor-element elementor-element-269d5608 elementor-section-boxed elementor-section-height-default elementor-section-height-default\" data-id=\"269d5608\" data-element_type=\"section\">\n\t\t\t\t\t\t<div class=\"elementor-container elementor-column-gap-default\">\n\t\t\t\t\t<div class=\"elementor-column elementor-col-100 elementor-top-column elementor-element elementor-element-2b217ce2\" data-id=\"2b217ce2\" data-element_type=\"column\">\n\t\t\t<div class=\"elementor-widget-wrap elementor-element-populated\">\n\t\t\t\t\t\t<div class=\"elementor-element elementor-element-1d50506b elementor-widget-divider--view-line elementor-widget elementor-widget-divider\" data-id=\"1d50506b\" data-element_type=\"widget\" data-widget_type=\"divider.default\">\n\t\t\t\t<div class=\"elementor-widget-container\">\n\t\t\t\t\t\t\t<div class=\"elementor-divider\">\n\t\t\t<span class=\"elementor-divider-separator\">\n\t\t\t\t\t\t<\/span>\n\t\t<\/div>\n\t\t\t\t\t\t<\/div>\n\t\t\t\t<\/div>\n\t\t\t\t\t<\/div>\n\t\t<\/div>\n\t\t\t\t\t<\/div>\n\t\t<\/section>\n\t\t\t\t<section class=\"elementor-section elementor-top-section elementor-element elementor-element-fe71730 elementor-section-boxed elementor-section-height-default elementor-section-height-default\" data-id=\"fe71730\" data-element_type=\"section\">\n\t\t\t\t\t\t<div class=\"elementor-container elementor-column-gap-default\">\n\t\t\t\t\t<div class=\"elementor-column elementor-col-100 elementor-top-column elementor-element elementor-element-207285a\" data-id=\"207285a\" data-element_type=\"column\">\n\t\t\t<div class=\"elementor-widget-wrap elementor-element-populated\">\n\t\t\t\t\t\t<div class=\"elementor-element elementor-element-1feb5b6b elementor-widget elementor-widget-text-editor\" data-id=\"1feb5b6b\" data-element_type=\"widget\" data-widget_type=\"text-editor.default\">\n\t\t\t\t<div class=\"elementor-widget-container\">\n\t\t\t\t\t\t\t\t\t<p>Notarial activities are predominantly subject to a tariff set by regulations. Therefore, the fees for notarial services are the same regardless of the client, the notary, or the geographical area.<\/p>\n<p>However, notaries may assist their clients with certain non-tariffed acts. They are then remunerated under a fee agreement freely negotiated with their client:<\/p>\n\t\t\t\t\t\t\t\t<\/div>\n\t\t\t\t<\/div>\n\t\t\t\t\t<\/div>\n\t\t<\/div>\n\t\t\t\t\t<\/div>\n\t\t<\/section>\n\t\t\t\t<section class=\"elementor-section elementor-top-section elementor-element elementor-element-09564cf elementor-section-boxed elementor-section-height-default elementor-section-height-default\" data-id=\"09564cf\" data-element_type=\"section\">\n\t\t\t\t\t\t<div class=\"elementor-container elementor-column-gap-default\">\n\t\t\t\t\t<div class=\"elementor-column elementor-col-100 elementor-top-column elementor-element elementor-element-6b345aa\" data-id=\"6b345aa\" data-element_type=\"column\">\n\t\t\t<div class=\"elementor-widget-wrap elementor-element-populated\">\n\t\t\t\t\t\t<div class=\"elementor-element elementor-element-19eb267 elementor-widget elementor-widget-text-editor\" data-id=\"19eb267\" data-element_type=\"widget\" data-widget_type=\"text-editor.default\">\n\t\t\t\t<div class=\"elementor-widget-container\">\n\t\t\t\t\t\t\t\t\t<p><strong>Real Estate Law<\/strong><\/p>\n<ul>\n<li>Promise of sale: 250.00 euros excluding tax, 300.00 euros including tax,<\/li>\n<\/ul>\n<p><strong>Family Law<\/strong><\/p>\n<ul>\n<li>Advice for drafting a will and conservation at the office: 241.05 euros excluding tax (289.26 euros including tax), plus registration in the ADSN file (11.42 euros including tax), totaling 300.68 euros including tax,<\/li>\n<\/ul>\n<p><strong>Business Law<\/strong><\/p>\n<ul>\n<li>Drafting of SCI articles of association (without real estate downpayment): 1,500.00 euros excluding tax (1,800.00 euros including tax) including legal announcement and publication formalities,<\/li>\n<li>Transfer of shares: by discussion depending on the complexity and stakes of the file<\/li>\n<\/ul>\n<p><strong>Commercial Law<\/strong><\/p>\n<ul>\n<li>Commercial leases: from 1 to 6 terms of rent with a minimum of 750.00 euros excluding tax, 900.00 euros including tax,<\/li>\n<li>Sale of business assets: 3% of the sale price, with a minimum of 1,500.00 euros excluding tax, 1,800.00 euros including tax,<\/li>\n<li>Assignment of leasehold (on the sale price): 1% of the sale price, with a minimum of 1,500.00 euros excluding tax, 1,800.00 euros including tax,<\/li>\n<li>Judicial assignments: on estimate with a minimum of 3,000.00 euros excluding tax, 3,600.00 euros including tax,<\/li>\n<\/ul>\n<p><strong>Miscellaneous<\/strong><\/p>\n<ul>\n<li>Residential leases: 750.00 euros excluding tax, 900.00 euros including tax,<\/li>\n<li>Material certification of signature: 50.00 euros excluding tax, 60.00 euros including tax,<\/li>\n<li>Legal consultation: 250.00 euros excluding tax \/ hour, 300.00 euros including tax \/ hour.<\/li>\n<\/ul>\n\t\t\t\t\t\t\t\t<\/div>\n\t\t\t\t<\/div>\n\t\t\t\t\t<\/div>\n\t\t<\/div>\n\t\t\t\t\t<\/div>\n\t\t<\/section>\n\t\t\t\t<section class=\"elementor-section elementor-top-section elementor-element elementor-element-dcf0538 third_bg_color elementor-section-boxed elementor-section-height-default elementor-section-height-default\" data-id=\"dcf0538\" data-element_type=\"section\" data-settings=\"{&quot;background_background&quot;:&quot;classic&quot;}\">\n\t\t\t\t\t\t<div class=\"elementor-container elementor-column-gap-default\">\n\t\t\t\t\t<div class=\"elementor-column elementor-col-100 elementor-top-column elementor-element elementor-element-dcf0bbd\" data-id=\"dcf0bbd\" data-element_type=\"column\">\n\t\t\t<div class=\"elementor-widget-wrap elementor-element-populated\">\n\t\t\t\t\t\t<div class=\"elementor-element elementor-element-dcf10df elementor-widget elementor-widget-vc_cta\" data-id=\"dcf10df\" data-element_type=\"widget\" data-widget_type=\"vc_cta.default\">\n\t\t\t\t<div class=\"elementor-widget-container\">\n\t\t\t\t\t\n<div class=\"ce_cta ce_cta_14ec7434d5bcd5eb07946600837a94ab ce_text_left third_bg_color add_button_right btn_align_right btn_button_block_true btn_has_icon btn_has_icon_on_the_right\" id=\"\">\n\t<div class=\"ce_cta__content\">\n\t\t<div class=\"ce_cta__content__header\">\n\t\t\t<h2  class='ce_cta__content__title'>Need more information ?<\/h2>\t\t<\/div>\n\t\t\t<\/div>\n\n\t\t<div class=\"ce_cta__action\">\n\t\t<a\n\t\t\thref=\"\/en\/contact\/\"\n\t\t\t\t\t\ttarget=\"_self\"\n\t\t\tclass=\"button\">\n\t\t\t<span>Contact Us<\/span>\n\t\t\t\t\t\t<i class=\"fa fa-chevron-right\"><\/i>\n\t\t\t\t\t<\/a>\n\t<\/div>\n\t<\/div>\n\t\t\t\t<\/div>\n\t\t\t\t<\/div>\n\t\t\t\t\t<\/div>\n\t\t<\/div>\n\t\t\t\t\t<\/div>\n\t\t<\/section>\n\t\t\t\t<\/div>","protected":false},"excerpt":{"rendered":"<p>Tarifs Les activit\u00e9s notariales sont majoritairement soumises \u00e0 un tarif fix\u00e9 r\u00e9glementairement. Le prix des prestations des notaires est donc identique quel que soit le client, le notaire, ou la zone g\u00e9ographique. Par ailleurs, les notaires peuvent intervenir pour leurs clients sur certains actes non tarif\u00e9s. Ils sont alors r\u00e9mun\u00e9r\u00e9s en vertu d\u2019une convention d\u2019honoraires<\/p>","protected":false},"author":2,"featured_media":0,"parent":0,"menu_order":0,"comment_status":"closed","ping_status":"closed","template":"","meta":{"footnotes":""},"class_list":["post-7718","page","type-page","status-publish","hentry"],"_links":{"self":[{"href":"https:\/\/astree.notaires.fr\/en\/wp-json\/wp\/v2\/pages\/7718","targetHints":{"allow":["GET"]}}],"collection":[{"href":"https:\/\/astree.notaires.fr\/en\/wp-json\/wp\/v2\/pages"}],"about":[{"href":"https:\/\/astree.notaires.fr\/en\/wp-json\/wp\/v2\/types\/page"}],"author":[{"embeddable":true,"href":"https:\/\/astree.notaires.fr\/en\/wp-json\/wp\/v2\/users\/2"}],"replies":[{"embeddable":true,"href":"https:\/\/astree.notaires.fr\/en\/wp-json\/wp\/v2\/comments?post=7718"}],"version-history":[{"count":20,"href":"https:\/\/astree.notaires.fr\/en\/wp-json\/wp\/v2\/pages\/7718\/revisions"}],"predecessor-version":[{"id":8690,"href":"https:\/\/astree.notaires.fr\/en\/wp-json\/wp\/v2\/pages\/7718\/revisions\/8690"}],"wp:attachment":[{"href":"https:\/\/astree.notaires.fr\/en\/wp-json\/wp\/v2\/media?parent=7718"}],"curies":[{"name":"wp","href":"https:\/\/api.w.org\/{rel}","templated":true}]}}