{"id":7716,"date":"2023-04-14T09:40:21","date_gmt":"2023-04-14T09:40:21","guid":{"rendered":"https:\/\/astree.notaires.fr\/?page_id=7716"},"modified":"2024-05-20T11:32:29","modified_gmt":"2024-05-20T11:32:29","slug":"etude","status":"publish","type":"page","link":"https:\/\/astree.notaires.fr\/en\/etude\/","title":{"rendered":"L&rsquo;\u00e9tude"},"content":{"rendered":"<div data-elementor-type=\"wp-page\" data-elementor-id=\"7716\" class=\"elementor elementor-7716\">\n\t\t\t\t\t\t<section class=\"elementor-section elementor-top-section elementor-element elementor-element-754012e elementor-section-boxed elementor-section-height-default elementor-section-height-default\" data-id=\"754012e\" data-element_type=\"section\">\n\t\t\t\t\t\t<div class=\"elementor-container elementor-column-gap-default\">\n\t\t\t\t\t<div class=\"elementor-column elementor-col-100 elementor-top-column elementor-element elementor-element-c9268df\" data-id=\"c9268df\" data-element_type=\"column\">\n\t\t\t<div class=\"elementor-widget-wrap elementor-element-populated\">\n\t\t\t\t\t\t<div class=\"elementor-element elementor-element-0618c10 elementor-widget elementor-widget-stm_spacing\" data-id=\"0618c10\" data-element_type=\"widget\" data-widget_type=\"stm_spacing.default\">\n\t\t\t\t<div class=\"elementor-widget-container\">\n\t\t\t\t\t<div class=\"stm-spacing\" id=\"stm-spacing-69f8a2ce71d32\"><\/div>\n<script>\n    (function($){\n        \"use strict\";\n        var spacingID = 'stm-spacing-69f8a2ce71d32',\n            lgSpacing = '50',\n            mdSpacing = '40',\n            smSpacing = '30',\n            xsSpacing = '20';\n\n        function stmSpacing() {\n            if ( window.matchMedia(\"(min-width: 1200px)\").matches && lgSpacing ) {\n                $( '#' + spacingID ).css ( \"height\", lgSpacing );\n            } else if ( window.matchMedia(\"(max-width: 1199px) and (min-width: 992px )\").matches && mdSpacing ) {\n                $( '#' + spacingID ).css ( \"height\", mdSpacing );\n            } else if ( window.matchMedia(\"(max-width: 991px) and (min-width: 768px )\").matches && smSpacing ) {\n                $( '#' + spacingID ).css ( \"height\", smSpacing );\n            } else if ( window.matchMedia(\"(max-width: 767px)\").matches && xsSpacing ) {\n                $( '#' + spacingID ).css ( \"height\", xsSpacing );\n            } else {\n                $( '#' + spacingID ).css ( \"height\", \"\" );\n            }\n        }\n\n        $(document).ready(function() {\n            stmSpacing();\n        });\n\n        $(window).resize(function() {\n            stmSpacing();\n        });\n\n    })(jQuery);\n<\/script>\t\t\t\t<\/div>\n\t\t\t\t<\/div>\n\t\t\t\t\t<\/div>\n\t\t<\/div>\n\t\t\t\t\t<\/div>\n\t\t<\/section>\n\t\t\t\t<section class=\"elementor-section elementor-top-section elementor-element elementor-element-4f89dc7 elementor-section-boxed elementor-section-height-default elementor-section-height-default\" data-id=\"4f89dc7\" data-element_type=\"section\">\n\t\t\t\t\t\t<div class=\"elementor-container elementor-column-gap-default\">\n\t\t\t\t\t<div class=\"elementor-column elementor-col-100 elementor-top-column elementor-element elementor-element-c04c451\" data-id=\"c04c451\" data-element_type=\"column\">\n\t\t\t<div class=\"elementor-widget-wrap elementor-element-populated\">\n\t\t\t\t\t\t<div class=\"elementor-element elementor-element-e91ef45 elementor-widget elementor-widget-vc_custom_heading\" data-id=\"e91ef45\" data-element_type=\"widget\" data-widget_type=\"vc_custom_heading.default\">\n\t\t\t\t<div class=\"elementor-widget-container\">\n\t\t\t\t\t<div class=\"vc_custom_heading  consulting_heading_font  text_align_center\" ><h2 style=\"color: #023F52;text-align: center\" class=\"consulting-custom-title\">The Office\n<\/h2><\/div>\t\t\t\t<\/div>\n\t\t\t\t<\/div>\n\t\t\t\t\t<\/div>\n\t\t<\/div>\n\t\t\t\t\t<\/div>\n\t\t<\/section>\n\t\t\t\t<section class=\"elementor-section elementor-top-section elementor-element elementor-element-1f4a939f elementor-section-boxed elementor-section-height-default elementor-section-height-default\" data-id=\"1f4a939f\" data-element_type=\"section\">\n\t\t\t\t\t\t<div class=\"elementor-container elementor-column-gap-default\">\n\t\t\t\t\t<div class=\"elementor-column elementor-col-100 elementor-top-column elementor-element elementor-element-1b790dfe\" data-id=\"1b790dfe\" data-element_type=\"column\">\n\t\t\t<div class=\"elementor-widget-wrap elementor-element-populated\">\n\t\t\t\t\t\t<div class=\"elementor-element elementor-element-6529e0a3 elementor-widget-divider--view-line elementor-widget elementor-widget-divider\" data-id=\"6529e0a3\" data-element_type=\"widget\" data-widget_type=\"divider.default\">\n\t\t\t\t<div class=\"elementor-widget-container\">\n\t\t\t\t\t\t\t<div class=\"elementor-divider\">\n\t\t\t<span class=\"elementor-divider-separator\">\n\t\t\t\t\t\t<\/span>\n\t\t<\/div>\n\t\t\t\t\t\t<\/div>\n\t\t\t\t<\/div>\n\t\t\t\t\t<\/div>\n\t\t<\/div>\n\t\t\t\t\t<\/div>\n\t\t<\/section>\n\t\t\t\t<section class=\"elementor-section elementor-top-section elementor-element elementor-element-f9dbbfc elementor-section-boxed elementor-section-height-default elementor-section-height-default\" data-id=\"f9dbbfc\" data-element_type=\"section\">\n\t\t\t\t\t\t<div class=\"elementor-container elementor-column-gap-default\">\n\t\t\t\t\t<div class=\"elementor-column elementor-col-100 elementor-top-column elementor-element elementor-element-71e6c5a\" data-id=\"71e6c5a\" data-element_type=\"column\">\n\t\t\t<div class=\"elementor-widget-wrap elementor-element-populated\">\n\t\t\t\t\t\t<div class=\"elementor-element elementor-element-a8922d5 elementor-drop-cap-yes elementor-drop-cap-view-default elementor-widget elementor-widget-text-editor\" data-id=\"a8922d5\" data-element_type=\"widget\" data-settings=\"{&quot;drop_cap&quot;:&quot;yes&quot;}\" data-widget_type=\"text-editor.default\">\n\t\t\t\t<div class=\"elementor-widget-container\">\n\t\t\t\t\t\t\t\t\t<p>Founded in 2020 by Emilie Resta, Sophia El Marjani, and Audrey Lefebvre, Astr\u00e9e Notaires embodies the perfect alliance between professional expertise and shared values.<\/p>\n<p>Uniting our shared vision and expertise, we have created a modern notarial office, rooted in tradition while embracing innovation. Our primary goal is to meet our clients\u2019 needs efficiently and exceed their expectations in real estate law as well as estate law.<\/p>\n<p>Today, we are proud to have several talented collaborators within the firm, each bringing their expertise to the team. We make it a point of honor to listen carefully to our clients in order to offer them tailor-made solutions.<\/p>\n<p>\u00a0<\/p>\n<p>Our firm stands out for its human, personalized approach and our commitment to contributing to the success of your projects with complete peace of mind.<\/p>\n\t\t\t\t\t\t\t\t<\/div>\n\t\t\t\t<\/div>\n\t\t\t\t\t<\/div>\n\t\t<\/div>\n\t\t\t\t\t<\/div>\n\t\t<\/section>\n\t\t\t\t<section class=\"elementor-section elementor-top-section elementor-element elementor-element-16abe28 elementor-section-boxed elementor-section-height-default elementor-section-height-default\" data-id=\"16abe28\" data-element_type=\"section\">\n\t\t\t\t\t\t<div class=\"elementor-container elementor-column-gap-default\">\n\t\t\t\t\t<div class=\"elementor-column elementor-col-100 elementor-top-column elementor-element elementor-element-4ca519d\" data-id=\"4ca519d\" data-element_type=\"column\">\n\t\t\t<div class=\"elementor-widget-wrap elementor-element-populated\">\n\t\t\t\t\t\t<div class=\"elementor-element elementor-element-8775e4e elementor-arrows-position-outside elementor-widget elementor-widget-image-carousel\" data-id=\"8775e4e\" data-element_type=\"widget\" data-settings=\"{&quot;slides_to_show&quot;:&quot;2&quot;,&quot;navigation&quot;:&quot;arrows&quot;,&quot;image_spacing_custom&quot;:{&quot;unit&quot;:&quot;px&quot;,&quot;size&quot;:10,&quot;sizes&quot;:[]},&quot;autoplay&quot;:&quot;yes&quot;,&quot;pause_on_hover&quot;:&quot;yes&quot;,&quot;pause_on_interaction&quot;:&quot;yes&quot;,&quot;autoplay_speed&quot;:5000,&quot;infinite&quot;:&quot;yes&quot;,&quot;speed&quot;:500,&quot;image_spacing_custom_tablet&quot;:{&quot;unit&quot;:&quot;px&quot;,&quot;size&quot;:&quot;&quot;,&quot;sizes&quot;:[]},&quot;image_spacing_custom_mobile&quot;:{&quot;unit&quot;:&quot;px&quot;,&quot;size&quot;:&quot;&quot;,&quot;sizes&quot;:[]}}\" data-widget_type=\"image-carousel.default\">\n\t\t\t\t<div class=\"elementor-widget-container\">\n\t\t\t\t\t\t\t<div class=\"elementor-image-carousel-wrapper swiper\" role=\"region\" aria-roledescription=\"carousel\" aria-label=\"Carrousel d\u2019images\" dir=\"ltr\">\n\t\t\t<div class=\"elementor-image-carousel swiper-wrapper\" aria-live=\"off\">\n\t\t\t\t\t\t\t\t<div class=\"swiper-slide\" role=\"group\" aria-roledescription=\"slide\" aria-label=\"1 sur 6\"><figure class=\"swiper-slide-inner\"><img decoding=\"async\" class=\"swiper-slide-image\" src=\"https:\/\/astree.notaires.fr\/wp-content\/uploads\/2023\/03\/astree_54-358x250.jpg\" alt=\"astree_54\" \/><\/figure><\/div><div class=\"swiper-slide\" role=\"group\" aria-roledescription=\"slide\" aria-label=\"2 sur 6\"><figure class=\"swiper-slide-inner\"><img decoding=\"async\" class=\"swiper-slide-image\" src=\"https:\/\/astree.notaires.fr\/wp-content\/uploads\/2023\/03\/image00029-358x250.jpg\" alt=\"image00029\" \/><\/figure><\/div><div class=\"swiper-slide\" role=\"group\" aria-roledescription=\"slide\" aria-label=\"3 sur 6\"><figure class=\"swiper-slide-inner\"><img decoding=\"async\" class=\"swiper-slide-image\" src=\"https:\/\/astree.notaires.fr\/wp-content\/uploads\/2023\/03\/astree_50-358x250.jpg\" alt=\"astree_50\" \/><\/figure><\/div><div class=\"swiper-slide\" role=\"group\" aria-roledescription=\"slide\" aria-label=\"4 sur 6\"><figure class=\"swiper-slide-inner\"><img decoding=\"async\" class=\"swiper-slide-image\" src=\"https:\/\/astree.notaires.fr\/wp-content\/uploads\/2023\/03\/astree_52-358x250.jpg\" alt=\"astree_52\" \/><\/figure><\/div><div class=\"swiper-slide\" role=\"group\" aria-roledescription=\"slide\" aria-label=\"5 sur 6\"><figure class=\"swiper-slide-inner\"><img decoding=\"async\" class=\"swiper-slide-image\" src=\"https:\/\/astree.notaires.fr\/wp-content\/uploads\/2023\/03\/image00006-358x250.jpg\" alt=\"image00006\" \/><\/figure><\/div><div class=\"swiper-slide\" role=\"group\" aria-roledescription=\"slide\" aria-label=\"6 sur 6\"><figure class=\"swiper-slide-inner\"><img decoding=\"async\" class=\"swiper-slide-image\" src=\"https:\/\/astree.notaires.fr\/wp-content\/uploads\/2023\/04\/astree_46-358x250.jpg\" alt=\"astree_46\" \/><\/figure><\/div>\t\t\t<\/div>\n\t\t\t\t\t\t\t\t\t\t\t\t<div class=\"elementor-swiper-button elementor-swiper-button-prev\" role=\"button\" tabindex=\"0\">\n\t\t\t\t\t\t<i aria-hidden=\"true\" class=\"eicon-chevron-left\"><\/i>\t\t\t\t\t<\/div>\n\t\t\t\t\t<div class=\"elementor-swiper-button elementor-swiper-button-next\" role=\"button\" tabindex=\"0\">\n\t\t\t\t\t\t<i aria-hidden=\"true\" class=\"eicon-chevron-right\"><\/i>\t\t\t\t\t<\/div>\n\t\t\t\t\n\t\t\t\t\t\t\t\t\t<\/div>\n\t\t\t\t\t\t<\/div>\n\t\t\t\t<\/div>\n\t\t\t\t\t<\/div>\n\t\t<\/div>\n\t\t\t\t\t<\/div>\n\t\t<\/section>\n\t\t\t\t<section class=\"elementor-section elementor-top-section elementor-element elementor-element-f64932a elementor-section-boxed elementor-section-height-default elementor-section-height-default\" data-id=\"f64932a\" data-element_type=\"section\">\n\t\t\t\t\t\t<div class=\"elementor-container elementor-column-gap-default\">\n\t\t\t\t\t<div class=\"elementor-column elementor-col-100 elementor-top-column elementor-element elementor-element-400cd67\" data-id=\"400cd67\" data-element_type=\"column\">\n\t\t\t<div class=\"elementor-widget-wrap elementor-element-populated\">\n\t\t\t\t\t\t<div class=\"elementor-element elementor-element-48bad19 elementor-widget elementor-widget-heading\" data-id=\"48bad19\" data-element_type=\"widget\" data-widget_type=\"heading.default\">\n\t\t\t\t<div class=\"elementor-widget-container\">\n\t\t\t\t\t<h3 class=\"elementor-heading-title elementor-size-default\">Why choose us ?<\/h3>\t\t\t\t<\/div>\n\t\t\t\t<\/div>\n\t\t\t\t\t<\/div>\n\t\t<\/div>\n\t\t\t\t\t<\/div>\n\t\t<\/section>\n\t\t\t\t<section class=\"elementor-section elementor-top-section elementor-element elementor-element-2a43744f elementor-section-boxed elementor-section-height-default elementor-section-height-default\" data-id=\"2a43744f\" data-element_type=\"section\">\n\t\t\t\t\t\t<div class=\"elementor-container elementor-column-gap-default\">\n\t\t\t\t\t<div class=\"elementor-column elementor-col-100 elementor-top-column elementor-element elementor-element-27ece306\" data-id=\"27ece306\" data-element_type=\"column\">\n\t\t\t<div class=\"elementor-widget-wrap elementor-element-populated\">\n\t\t\t\t\t\t<div class=\"elementor-element elementor-element-35eb46f6 elementor-widget-divider--view-line elementor-widget elementor-widget-divider\" data-id=\"35eb46f6\" data-element_type=\"widget\" data-widget_type=\"divider.default\">\n\t\t\t\t<div class=\"elementor-widget-container\">\n\t\t\t\t\t\t\t<div class=\"elementor-divider\">\n\t\t\t<span class=\"elementor-divider-separator\">\n\t\t\t\t\t\t<\/span>\n\t\t<\/div>\n\t\t\t\t\t\t<\/div>\n\t\t\t\t<\/div>\n\t\t\t\t\t<\/div>\n\t\t<\/div>\n\t\t\t\t\t<\/div>\n\t\t<\/section>\n\t\t\t\t<section class=\"elementor-section elementor-top-section elementor-element elementor-element-43cc223f elementor-section-boxed elementor-section-height-default elementor-section-height-default\" data-id=\"43cc223f\" data-element_type=\"section\" data-settings=\"{&quot;background_background&quot;:&quot;classic&quot;}\">\n\t\t\t\t\t\t<div class=\"elementor-container elementor-column-gap-default\">\n\t\t\t\t\t<div class=\"elementor-column elementor-col-33 elementor-top-column elementor-element elementor-element-2d0e02e\" data-id=\"2d0e02e\" data-element_type=\"column\">\n\t\t\t<div class=\"elementor-widget-wrap elementor-element-populated\">\n\t\t\t\t\t\t<div class=\"elementor-element elementor-element-6b084b2 elementor-widget elementor-widget-stm_icon_box\" data-id=\"6b084b2\" data-element_type=\"widget\" data-widget_type=\"stm_icon_box.default\">\n\t\t\t\t<div class=\"elementor-widget-container\">\n\t\t\t\t\t\n\n\n            <div onclick=\"return true\" class=\"icon_box  elementor-consulting-icon-box style_1 icon_left clearfix\">\n                <div class=\"icon  font-color_custom font-color_secondary_bg\" style=\"width:70px\">\n            <i style=\"font-size: 20px;color: #FFFFFF;  width: 50px; height: 50px; display: flex; align-items: center; justify-content: center;\"\n               class=\"fas fa-book\"><\/i><\/div>\n        <div class=\"icon_text\">\n                    <h5  class=\"font-color_base\">Pedagogy\n<\/h5>\n                    <\/div>\n            <\/div>\n    \n\t\t\t\t<\/div>\n\t\t\t\t<\/div>\n\t\t\t\t\t<\/div>\n\t\t<\/div>\n\t\t\t\t<div class=\"elementor-column elementor-col-33 elementor-top-column elementor-element elementor-element-634aac4\" data-id=\"634aac4\" data-element_type=\"column\">\n\t\t\t<div class=\"elementor-widget-wrap elementor-element-populated\">\n\t\t\t\t\t\t<div class=\"elementor-element elementor-element-373e7a75 elementor-widget elementor-widget-stm_icon_box\" data-id=\"373e7a75\" data-element_type=\"widget\" data-widget_type=\"stm_icon_box.default\">\n\t\t\t\t<div class=\"elementor-widget-container\">\n\t\t\t\t\t\n\n\n            <div onclick=\"return true\" class=\"icon_box  elementor-consulting-icon-box style_1 icon_left clearfix\">\n                <div class=\"icon  font-color_custom font-color_secondary_bg\" style=\"width:70px\">\n            <i style=\"font-size: 20px;color: #FFFFFF;  width: 50px; height: 50px; display: flex; align-items: center; justify-content: center;\"\n               class=\"far fa-clock\"><\/i><\/div>\n        <div class=\"icon_text\">\n                    <h5  class=\"font-color_base\">Reactivity\n<\/h5>\n                    <\/div>\n            <\/div>\n    \n\t\t\t\t<\/div>\n\t\t\t\t<\/div>\n\t\t\t\t\t<\/div>\n\t\t<\/div>\n\t\t\t\t<div class=\"elementor-column elementor-col-33 elementor-top-column elementor-element elementor-element-2deb11d\" data-id=\"2deb11d\" data-element_type=\"column\">\n\t\t\t<div class=\"elementor-widget-wrap elementor-element-populated\">\n\t\t\t\t\t\t<div class=\"elementor-element elementor-element-3a47111 elementor-widget elementor-widget-stm_icon_box\" data-id=\"3a47111\" data-element_type=\"widget\" data-widget_type=\"stm_icon_box.default\">\n\t\t\t\t<div class=\"elementor-widget-container\">\n\t\t\t\t\t\n\n\n            <div onclick=\"return true\" class=\"icon_box  elementor-consulting-icon-box style_1 icon_left clearfix\">\n                <div class=\"icon  font-color_custom font-color_secondary_bg\" style=\"width:70px\">\n            <i style=\"font-size: 20px;color: #FFFFFF;  width: 50px; height: 50px; display: flex; align-items: center; justify-content: center;\"\n               class=\"fas fa-hands-helping\"><\/i><\/div>\n        <div class=\"icon_text\">\n                    <h5  class=\"font-color_base\">Rigour\n<\/h5>\n                    <\/div>\n            <\/div>\n    \n\t\t\t\t<\/div>\n\t\t\t\t<\/div>\n\t\t\t\t\t<\/div>\n\t\t<\/div>\n\t\t\t\t\t<\/div>\n\t\t<\/section>\n\t\t\t\t<\/div>","protected":false},"excerpt":{"rendered":"<p>L&rsquo;\u00c9tude Fond\u00e9e en 2020 par Emilie Resta, Sophia El Marjani et Audrey Lefebvre, l\u2019Etude Astr\u00e9e Notaires incarne l\u2019alliance parfaite entre expertises professionnelles et valeurs partag\u00e9es. Unissant notre vision commune et nos comp\u00e9tences, nous avons cr\u00e9\u00e9 une Etude notariale moderne, ancr\u00e9e dans la tradition tout en embrassant l\u2019innovation. Notre objectif premier est de r\u00e9pondre aux besoins<\/p>","protected":false},"author":2,"featured_media":0,"parent":0,"menu_order":0,"comment_status":"closed","ping_status":"closed","template":"","meta":{"footnotes":""},"class_list":["post-7716","page","type-page","status-publish","hentry"],"_links":{"self":[{"href":"https:\/\/astree.notaires.fr\/en\/wp-json\/wp\/v2\/pages\/7716","targetHints":{"allow":["GET"]}}],"collection":[{"href":"https:\/\/astree.notaires.fr\/en\/wp-json\/wp\/v2\/pages"}],"about":[{"href":"https:\/\/astree.notaires.fr\/en\/wp-json\/wp\/v2\/types\/page"}],"author":[{"embeddable":true,"href":"https:\/\/astree.notaires.fr\/en\/wp-json\/wp\/v2\/users\/2"}],"replies":[{"embeddable":true,"href":"https:\/\/astree.notaires.fr\/en\/wp-json\/wp\/v2\/comments?post=7716"}],"version-history":[{"count":20,"href":"https:\/\/astree.notaires.fr\/en\/wp-json\/wp\/v2\/pages\/7716\/revisions"}],"predecessor-version":[{"id":8799,"href":"https:\/\/astree.notaires.fr\/en\/wp-json\/wp\/v2\/pages\/7716\/revisions\/8799"}],"wp:attachment":[{"href":"https:\/\/astree.notaires.fr\/en\/wp-json\/wp\/v2\/media?parent=7716"}],"curies":[{"name":"wp","href":"https:\/\/api.w.org\/{rel}","templated":true}]}}