{"id":1501,"date":"2017-02-09T14:23:01","date_gmt":"2017-02-09T14:23:01","guid":{"rendered":"http:\/\/consult.loc\/?page_id=1501"},"modified":"2024-05-20T11:22:01","modified_gmt":"2024-05-20T11:22:01","slug":"about","status":"publish","type":"page","link":"https:\/\/astree.notaires.fr\/en\/about\/","title":{"rendered":"About"},"content":{"rendered":"<div data-elementor-type=\"wp-page\" data-elementor-id=\"1501\" class=\"elementor elementor-1501\">\n\t\t\t\t\t\t<section class=\"elementor-section elementor-top-section elementor-element elementor-element-4fea3d48 elementor-section-boxed elementor-section-height-default elementor-section-height-default\" data-id=\"4fea3d48\" data-element_type=\"section\">\n\t\t\t\t\t\t\t<div class=\"elementor-background-overlay\"><\/div>\n\t\t\t\t\t\t\t<div class=\"elementor-container elementor-column-gap-default\">\n\t\t\t\t\t<div class=\"elementor-column elementor-col-100 elementor-top-column elementor-element elementor-element-5f852340\" data-id=\"5f852340\" data-element_type=\"column\">\n\t\t\t<div class=\"elementor-widget-wrap elementor-element-populated\">\n\t\t\t\t\t\t<div class=\"elementor-element elementor-element-62663c61 elementor-widget elementor-widget-stm_spacing\" data-id=\"62663c61\" data-element_type=\"widget\" data-widget_type=\"stm_spacing.default\">\n\t\t\t\t<div class=\"elementor-widget-container\">\n\t\t\t\t\t<div class=\"stm-spacing\" id=\"stm-spacing-69e5a9606a6a6\"><\/div>\n<script>\n    (function($){\n        \"use strict\";\n        var spacingID = 'stm-spacing-69e5a9606a6a6',\n            lgSpacing = '60',\n            mdSpacing = '50',\n            smSpacing = '40',\n            xsSpacing = '30';\n\n        function stmSpacing() {\n            if ( window.matchMedia(\"(min-width: 1200px)\").matches && lgSpacing ) {\n                $( '#' + spacingID ).css ( \"height\", lgSpacing );\n            } else if ( window.matchMedia(\"(max-width: 1199px) and (min-width: 992px )\").matches && mdSpacing ) {\n                $( '#' + spacingID ).css ( \"height\", mdSpacing );\n            } else if ( window.matchMedia(\"(max-width: 991px) and (min-width: 768px )\").matches && smSpacing ) {\n                $( '#' + spacingID ).css ( \"height\", smSpacing );\n            } else if ( window.matchMedia(\"(max-width: 767px)\").matches && xsSpacing ) {\n                $( '#' + spacingID ).css ( \"height\", xsSpacing );\n            } else {\n                $( '#' + spacingID ).css ( \"height\", \"\" );\n            }\n        }\n\n        $(document).ready(function() {\n            stmSpacing();\n        });\n\n        $(window).resize(function() {\n            stmSpacing();\n        });\n\n    })(jQuery);\n<\/script>\t\t\t\t<\/div>\n\t\t\t\t<\/div>\n\t\t\t\t<div class=\"elementor-element elementor-element-2f30077c elementor-widget elementor-widget-vc_custom_heading\" data-id=\"2f30077c\" data-element_type=\"widget\" data-widget_type=\"vc_custom_heading.default\">\n\t\t\t\t<div class=\"elementor-widget-container\">\n\t\t\t\t\t<div class=\"vc_custom_heading hide_indents consulting_heading_font  text_align_center has_subtitle title_no_stripe\" ><h2 style=\"color: #023F52;text-align: center;font-weight:700\" class=\"consulting-custom-title\">The Founders\n<span class=\"subtitle\" style=\"color:#023F52\">The \"Astr\u00e9e Notaires\" office has been led since its inception by Emilie RESTA, Sophia EL MARJANI, and Audrey LEFEBVRE, united by common values, putting their determination and rigor at the service of their clients.<\/span><\/h2><\/div>\t\t\t\t<\/div>\n\t\t\t\t<\/div>\n\t\t\t\t<div class=\"elementor-element elementor-element-1849f3cb elementor-widget-divider--view-line elementor-widget elementor-widget-divider\" data-id=\"1849f3cb\" data-element_type=\"widget\" data-widget_type=\"divider.default\">\n\t\t\t\t<div class=\"elementor-widget-container\">\n\t\t\t\t\t\t\t<div class=\"elementor-divider\">\n\t\t\t<span class=\"elementor-divider-separator\">\n\t\t\t\t\t\t<\/span>\n\t\t<\/div>\n\t\t\t\t\t\t<\/div>\n\t\t\t\t<\/div>\n\t\t\t\t<div class=\"elementor-element elementor-element-9b2ac0d elementor-widget elementor-widget-stm_spacing\" data-id=\"9b2ac0d\" data-element_type=\"widget\" data-widget_type=\"stm_spacing.default\">\n\t\t\t\t<div class=\"elementor-widget-container\">\n\t\t\t\t\t<div class=\"stm-spacing\" id=\"stm-spacing-69e5a9606b086\"><\/div>\n<script>\n    (function($){\n        \"use strict\";\n        var spacingID = 'stm-spacing-69e5a9606b086',\n            lgSpacing = '40',\n            mdSpacing = '30',\n            smSpacing = '20',\n            xsSpacing = '10';\n\n        function stmSpacing() {\n            if ( window.matchMedia(\"(min-width: 1200px)\").matches && lgSpacing ) {\n                $( '#' + spacingID ).css ( \"height\", lgSpacing );\n            } else if ( window.matchMedia(\"(max-width: 1199px) and (min-width: 992px )\").matches && mdSpacing ) {\n                $( '#' + spacingID ).css ( \"height\", mdSpacing );\n            } else if ( window.matchMedia(\"(max-width: 991px) and (min-width: 768px )\").matches && smSpacing ) {\n                $( '#' + spacingID ).css ( \"height\", smSpacing );\n            } else if ( window.matchMedia(\"(max-width: 767px)\").matches && xsSpacing ) {\n                $( '#' + spacingID ).css ( \"height\", xsSpacing );\n            } else {\n                $( '#' + spacingID ).css ( \"height\", \"\" );\n            }\n        }\n\n        $(document).ready(function() {\n            stmSpacing();\n        });\n\n        $(window).resize(function() {\n            stmSpacing();\n        });\n\n    })(jQuery);\n<\/script>\t\t\t\t<\/div>\n\t\t\t\t<\/div>\n\t\t\t\t<div class=\"elementor-element elementor-element-6362dcbc elementor-position-left elementor-vertical-align-top elementor-widget elementor-widget-image-box\" data-id=\"6362dcbc\" data-element_type=\"widget\" data-widget_type=\"image-box.default\">\n\t\t\t\t<div class=\"elementor-widget-container\">\n\t\t\t\t\t<div class=\"elementor-image-box-wrapper\"><figure class=\"elementor-image-box-img\"><img fetchpriority=\"high\" decoding=\"async\" width=\"1991\" height=\"2560\" src=\"https:\/\/astree.notaires.fr\/wp-content\/uploads\/2024\/02\/editPXL_20240118_121106750.PORTRAIT2-scaled.jpg\" class=\"elementor-animation-float attachment-full size-full wp-image-8743\" alt=\"\" srcset=\"https:\/\/astree.notaires.fr\/wp-content\/uploads\/2024\/02\/editPXL_20240118_121106750.PORTRAIT2-scaled.jpg 1991w, https:\/\/astree.notaires.fr\/wp-content\/uploads\/2024\/02\/editPXL_20240118_121106750.PORTRAIT2-233x300.jpg 233w, https:\/\/astree.notaires.fr\/wp-content\/uploads\/2024\/02\/editPXL_20240118_121106750.PORTRAIT2-797x1024.jpg 797w, https:\/\/astree.notaires.fr\/wp-content\/uploads\/2024\/02\/editPXL_20240118_121106750.PORTRAIT2-768x987.jpg 768w, https:\/\/astree.notaires.fr\/wp-content\/uploads\/2024\/02\/editPXL_20240118_121106750.PORTRAIT2-1195x1536.jpg 1195w, https:\/\/astree.notaires.fr\/wp-content\/uploads\/2024\/02\/editPXL_20240118_121106750.PORTRAIT2-1593x2048.jpg 1593w, https:\/\/astree.notaires.fr\/wp-content\/uploads\/2024\/02\/editPXL_20240118_121106750.PORTRAIT2-900x1157.jpg 900w\" sizes=\"(max-width: 1991px) 100vw, 1991px\" \/><\/figure><div class=\"elementor-image-box-content\"><h3 class=\"elementor-image-box-title\">Emilie RESTA, Associate Notary<\/h3><p class=\"elementor-image-box-description\">Graduate of the Master's in Notarial Law from Paris-Dauphine University and holder of the \"Dipl\u00f4me Sup\u00e9rieur de Notariat\", Emilie RESTA has been assisting individuals in the major milestones of their lives for several years, as well as professionals in complex real estate transactions.<br><br>\nShe mainly trained in Paris and had the opportunity during her studies to gain experience in Sydney, Australia, within a law firm and notary public office.  <br>Her diverse background enables her to have a comprehensive view of cases and regularly assist foreign clients in real estate projects.<br><br>\nHer expertise in real estate law and her availability enable her to establish a relationship of trust with her private and professional clients, ensuring their legal security at every moment.<\/p><\/div><\/div>\t\t\t\t<\/div>\n\t\t\t\t<\/div>\n\t\t\t\t<div class=\"elementor-element elementor-element-2fc64f95 e-grid-align-right elementor-shape-rounded elementor-grid-0 elementor-widget elementor-widget-social-icons\" data-id=\"2fc64f95\" data-element_type=\"widget\" data-widget_type=\"social-icons.default\">\n\t\t\t\t<div class=\"elementor-widget-container\">\n\t\t\t\t\t\t\t<div class=\"elementor-social-icons-wrapper elementor-grid\" role=\"list\">\n\t\t\t\t\t\t\t<span class=\"elementor-grid-item\" role=\"listitem\">\n\t\t\t\t\t<a class=\"elementor-icon elementor-social-icon elementor-social-icon-linkedin elementor-repeater-item-0875e1b\" href=\"https:\/\/www.linkedin.com\/in\/emilie-resta-55979856\" target=\"_blank\">\n\t\t\t\t\t\t<span class=\"elementor-screen-only\">Linkedin<\/span>\n\t\t\t\t\t\t<i aria-hidden=\"true\" class=\"fab fa-linkedin\"><\/i>\t\t\t\t\t<\/a>\n\t\t\t\t<\/span>\n\t\t\t\t\t\t\t<span class=\"elementor-grid-item\" role=\"listitem\">\n\t\t\t\t\t<a class=\"elementor-icon elementor-social-icon elementor-social-icon-envelope elementor-repeater-item-7ee09d4\" href=\"mailto:emilie.resta@paris.notaires.fr\" target=\"_blank\">\n\t\t\t\t\t\t<span class=\"elementor-screen-only\">Envelope<\/span>\n\t\t\t\t\t\t<i aria-hidden=\"true\" class=\"fas fa-envelope\"><\/i>\t\t\t\t\t<\/a>\n\t\t\t\t<\/span>\n\t\t\t\t\t<\/div>\n\t\t\t\t\t\t<\/div>\n\t\t\t\t<\/div>\n\t\t\t\t<div class=\"elementor-element elementor-element-749d847b elementor-position-left elementor-vertical-align-top elementor-widget elementor-widget-image-box\" data-id=\"749d847b\" data-element_type=\"widget\" data-widget_type=\"image-box.default\">\n\t\t\t\t<div class=\"elementor-widget-container\">\n\t\t\t\t\t<div class=\"elementor-image-box-wrapper\"><figure class=\"elementor-image-box-img\"><img decoding=\"async\" width=\"687\" height=\"877\" src=\"https:\/\/astree.notaires.fr\/wp-content\/uploads\/2024\/02\/Sophiabw3.jpg\" class=\"elementor-animation-float attachment-full size-full wp-image-8730\" alt=\"\" srcset=\"https:\/\/astree.notaires.fr\/wp-content\/uploads\/2024\/02\/Sophiabw3.jpg 687w, https:\/\/astree.notaires.fr\/wp-content\/uploads\/2024\/02\/Sophiabw3-235x300.jpg 235w\" sizes=\"(max-width: 687px) 100vw, 687px\" \/><\/figure><div class=\"elementor-image-box-content\"><h3 class=\"elementor-image-box-title\">Sophia EL MARJANI, Managing Director<\/h3><p class=\"elementor-image-box-description\">Graduate of a Master's in Real Estate Law and a Master's in Notarial Law, Sophia EL MARJANI trained for several years within prestigious notarial offices in Paris.<br><br>\n\nDuring her experiences, she mainly assisted professional real estate clients and developed expertise in commercial real estate (commercial lease, land acquisition by developers, commercial asset portfolios, professional financing, etc.).<br><br>\n\nFurthermore, she has developed skills in corporate law (business transfers, transfer of shares, and company formation).<\/p><\/div><\/div>\t\t\t\t<\/div>\n\t\t\t\t<\/div>\n\t\t\t\t<div class=\"elementor-element elementor-element-2b671d21 e-grid-align-right elementor-shape-rounded elementor-grid-0 elementor-widget elementor-widget-social-icons\" data-id=\"2b671d21\" data-element_type=\"widget\" data-widget_type=\"social-icons.default\">\n\t\t\t\t<div class=\"elementor-widget-container\">\n\t\t\t\t\t\t\t<div class=\"elementor-social-icons-wrapper elementor-grid\" role=\"list\">\n\t\t\t\t\t\t\t<span class=\"elementor-grid-item\" role=\"listitem\">\n\t\t\t\t\t<a class=\"elementor-icon elementor-social-icon elementor-social-icon-linkedin elementor-repeater-item-0875e1b\" href=\"https:\/\/www.linkedin.com\/in\/sophia-el-marjani-0461a7142\" target=\"_blank\">\n\t\t\t\t\t\t<span class=\"elementor-screen-only\">Linkedin<\/span>\n\t\t\t\t\t\t<i aria-hidden=\"true\" class=\"fab fa-linkedin\"><\/i>\t\t\t\t\t<\/a>\n\t\t\t\t<\/span>\n\t\t\t\t\t\t\t<span class=\"elementor-grid-item\" role=\"listitem\">\n\t\t\t\t\t<a class=\"elementor-icon elementor-social-icon elementor-social-icon-envelope elementor-repeater-item-7ee09d4\" href=\"mailto:sophia.elmarjani.92087@paris.notaires.fr\" target=\"_blank\">\n\t\t\t\t\t\t<span class=\"elementor-screen-only\">Envelope<\/span>\n\t\t\t\t\t\t<i aria-hidden=\"true\" class=\"fas fa-envelope\"><\/i>\t\t\t\t\t<\/a>\n\t\t\t\t<\/span>\n\t\t\t\t\t<\/div>\n\t\t\t\t\t\t<\/div>\n\t\t\t\t<\/div>\n\t\t\t\t<div class=\"elementor-element elementor-element-18a8462c elementor-position-left elementor-vertical-align-top elementor-widget elementor-widget-image-box\" data-id=\"18a8462c\" data-element_type=\"widget\" data-widget_type=\"image-box.default\">\n\t\t\t\t<div class=\"elementor-widget-container\">\n\t\t\t\t\t<div class=\"elementor-image-box-wrapper\"><figure class=\"elementor-image-box-img\"><img decoding=\"async\" width=\"468\" height=\"625\" src=\"https:\/\/astree.notaires.fr\/wp-content\/uploads\/2024\/02\/audreybw2.jpg\" class=\"elementor-animation-float attachment-full size-full wp-image-8727\" alt=\"\" srcset=\"https:\/\/astree.notaires.fr\/wp-content\/uploads\/2024\/02\/audreybw2.jpg 468w, https:\/\/astree.notaires.fr\/wp-content\/uploads\/2024\/02\/audreybw2-225x300.jpg 225w\" sizes=\"(max-width: 468px) 100vw, 468px\" \/><\/figure><div class=\"elementor-image-box-content\"><h3 class=\"elementor-image-box-title\">Audrey LEFEBVRE, Associate Notary<\/h3><p class=\"elementor-image-box-description\">Graduate of a Master's degree in Real Estate and Construction Law (Paris I Panth\u00e9on-Sorbonne), a Master's degree in Notarial Law (Paris-Dauphine) and holder of the \"Dipl\u00f4me Sup\u00e9rieur de Notariat\", Audrey LEFEBVRE trained for nearly ten years within renowned Parisian notarial offices.<br><br>\nShe primarily works in the fields of real estate (commercial real estate, residential real estate), construction law and urban planning (real estate development), as well as in real estate financing. <br><br>\nShe guides various actors, both individuals and institutions, in all their real estate projects.<\/p><\/div><\/div>\t\t\t\t<\/div>\n\t\t\t\t<\/div>\n\t\t\t\t<div class=\"elementor-element elementor-element-77e081ac e-grid-align-right elementor-shape-rounded elementor-grid-0 elementor-widget elementor-widget-social-icons\" data-id=\"77e081ac\" data-element_type=\"widget\" data-widget_type=\"social-icons.default\">\n\t\t\t\t<div class=\"elementor-widget-container\">\n\t\t\t\t\t\t\t<div class=\"elementor-social-icons-wrapper elementor-grid\" role=\"list\">\n\t\t\t\t\t\t\t<span class=\"elementor-grid-item\" role=\"listitem\">\n\t\t\t\t\t<a class=\"elementor-icon elementor-social-icon elementor-social-icon-linkedin elementor-repeater-item-0875e1b\" href=\"https:\/\/www.linkedin.com\/in\/audrey-lefebvre-2b725286\" target=\"_blank\">\n\t\t\t\t\t\t<span class=\"elementor-screen-only\">Linkedin<\/span>\n\t\t\t\t\t\t<i aria-hidden=\"true\" class=\"fab fa-linkedin\"><\/i>\t\t\t\t\t<\/a>\n\t\t\t\t<\/span>\n\t\t\t\t\t\t\t<span class=\"elementor-grid-item\" role=\"listitem\">\n\t\t\t\t\t<a class=\"elementor-icon elementor-social-icon elementor-social-icon-envelope elementor-repeater-item-7ee09d4\" href=\"mailto:audrey.lefebvre@paris.notaires.fr\" target=\"_blank\">\n\t\t\t\t\t\t<span class=\"elementor-screen-only\">Envelope<\/span>\n\t\t\t\t\t\t<i aria-hidden=\"true\" class=\"fas fa-envelope\"><\/i>\t\t\t\t\t<\/a>\n\t\t\t\t<\/span>\n\t\t\t\t\t<\/div>\n\t\t\t\t\t\t<\/div>\n\t\t\t\t<\/div>\n\t\t\t\t<div class=\"elementor-element elementor-element-5029fdfc elementor-widget elementor-widget-stm_spacing\" data-id=\"5029fdfc\" data-element_type=\"widget\" data-widget_type=\"stm_spacing.default\">\n\t\t\t\t<div class=\"elementor-widget-container\">\n\t\t\t\t\t<div class=\"stm-spacing\" id=\"stm-spacing-69e5a9606b302\"><\/div>\n<script>\n    (function($){\n        \"use strict\";\n        var spacingID = 'stm-spacing-69e5a9606b302',\n            lgSpacing = '60',\n            mdSpacing = '50',\n            smSpacing = '40',\n            xsSpacing = '30';\n\n        function stmSpacing() {\n            if ( window.matchMedia(\"(min-width: 1200px)\").matches && lgSpacing ) {\n                $( '#' + spacingID ).css ( \"height\", lgSpacing );\n            } else if ( window.matchMedia(\"(max-width: 1199px) and (min-width: 992px )\").matches && mdSpacing ) {\n                $( '#' + spacingID ).css ( \"height\", mdSpacing );\n            } else if ( window.matchMedia(\"(max-width: 991px) and (min-width: 768px )\").matches && smSpacing ) {\n                $( '#' + spacingID ).css ( \"height\", smSpacing );\n            } else if ( window.matchMedia(\"(max-width: 767px)\").matches && xsSpacing ) {\n                $( '#' + spacingID ).css ( \"height\", xsSpacing );\n            } else {\n                $( '#' + spacingID ).css ( \"height\", \"\" );\n            }\n        }\n\n        $(document).ready(function() {\n            stmSpacing();\n        });\n\n        $(window).resize(function() {\n            stmSpacing();\n        });\n\n    })(jQuery);\n<\/script>\t\t\t\t<\/div>\n\t\t\t\t<\/div>\n\t\t\t\t\t<\/div>\n\t\t<\/div>\n\t\t\t\t\t<\/div>\n\t\t<\/section>\n\t\t\t\t<\/div>","protected":false},"excerpt":{"rendered":"<p>Les Fondatrices L\u2019Etude \u00ab Astr\u00e9e Notaires \u00bb a \u00e9t\u00e9 port\u00e9e depuis sa cr\u00e9ation par Emilie RESTA, Sophia EL MARJANI et Audrey LEFEBVRE, r\u00e9unies autour de valeurs communes, mettant leur d\u00e9termination et leur rigueur au service de leurs clients. Emilie RESTA, Notaire Associ\u00e9e Dipl\u00f4m\u00e9e du Master Droit Notarial de l\u2019Universit\u00e9 Paris-Dauphine et titulaire du Dipl\u00f4me Sup\u00e9rieur<\/p>","protected":false},"author":1,"featured_media":0,"parent":0,"menu_order":0,"comment_status":"closed","ping_status":"closed","template":"","meta":{"footnotes":""},"class_list":["post-1501","page","type-page","status-publish","hentry"],"_links":{"self":[{"href":"https:\/\/astree.notaires.fr\/en\/wp-json\/wp\/v2\/pages\/1501","targetHints":{"allow":["GET"]}}],"collection":[{"href":"https:\/\/astree.notaires.fr\/en\/wp-json\/wp\/v2\/pages"}],"about":[{"href":"https:\/\/astree.notaires.fr\/en\/wp-json\/wp\/v2\/types\/page"}],"author":[{"embeddable":true,"href":"https:\/\/astree.notaires.fr\/en\/wp-json\/wp\/v2\/users\/1"}],"replies":[{"embeddable":true,"href":"https:\/\/astree.notaires.fr\/en\/wp-json\/wp\/v2\/comments?post=1501"}],"version-history":[{"count":20,"href":"https:\/\/astree.notaires.fr\/en\/wp-json\/wp\/v2\/pages\/1501\/revisions"}],"predecessor-version":[{"id":8796,"href":"https:\/\/astree.notaires.fr\/en\/wp-json\/wp\/v2\/pages\/1501\/revisions\/8796"}],"wp:attachment":[{"href":"https:\/\/astree.notaires.fr\/en\/wp-json\/wp\/v2\/media?parent=1501"}],"curies":[{"name":"wp","href":"https:\/\/api.w.org\/{rel}","templated":true}]}}